{"id":53,"date":"2017-05-22T12:25:57","date_gmt":"2017-05-22T10:25:57","guid":{"rendered":"http:\/\/www.schmitz-tankschutz.de\/wordpress\/?page_id=53"},"modified":"2023-03-13T13:55:59","modified_gmt":"2023-03-13T12:55:59","slug":"anfragen","status":"publish","type":"page","link":"https:\/\/www.schmitz-tankschutz.de\/index.php\/anfragen\/","title":{"rendered":"Anfragen Tankschutz"},"content":{"rendered":"<p>Bitte f\u00fcllen Sie das Formular soweit wie m\u00f6glich ausf\u00fcllen aus schicken es ab. Die mit * gekennzeichneten Felder sind Pflichtfelder.<\/p>\n\n<div class=\"wpcf7 no-js\" id=\"wpcf7-f2079-o1\" lang=\"de-DE\" dir=\"ltr\">\n<div class=\"screen-reader-response\"><p role=\"status\" aria-live=\"polite\" aria-atomic=\"true\"><\/p> <ul><\/ul><\/div>\n<form action=\"\/index.php\/wp-json\/wp\/v2\/pages\/53#wpcf7-f2079-o1\" method=\"post\" class=\"wpcf7-form init\" aria-label=\"Kontaktformular\" novalidate=\"novalidate\" data-status=\"init\">\n<div style=\"display: none;\">\n<input type=\"hidden\" name=\"_wpcf7\" value=\"2079\" \/>\n<input type=\"hidden\" name=\"_wpcf7_version\" value=\"5.7.7\" \/>\n<input type=\"hidden\" name=\"_wpcf7_locale\" value=\"de_DE\" \/>\n<input type=\"hidden\" name=\"_wpcf7_unit_tag\" value=\"wpcf7-f2079-o1\" \/>\n<input type=\"hidden\" name=\"_wpcf7_container_post\" value=\"0\" \/>\n<input type=\"hidden\" name=\"_wpcf7_posted_data_hash\" value=\"\" \/>\n<\/div>\n<style>\n.wps-form {\n width: 100%;\n margin: 0 auto;\n}\n.wps-form .wps-form-row {\n display: flex;\n flex-direction: column;\n width: 100%;\n}\n.wps-form .wps-form-row .wpcf7-form-control {\n width: 100%;\n}\n.wps-form .wps-form-column {\n flex: 1;\n width: 100%;\n padding: .5rem 0;\n}\n\/* Notebook \/ Desktop *\/\n@media only screen and (min-width: 48em) { \n .wps-form .wps-form-row {\n flex-direction: row;\n }\n .wps-form .wps-form-column {\n padding: .5rem 1rem;\n }\n}\n<\/style>\n<p><label>Angebotserstellung \/ Informationsmaterial f\u00fcr die Filiale in*<\/label><br \/>\n<span class=\"wpcf7-form-control-wrap\" data-name=\"filiale\"><span class=\"wpcf7-form-control wpcf7-radio\"><span class=\"wpcf7-list-item first\"><input type=\"radio\" name=\"filiale\" value=\"Viersen\" checked=\"checked\" \/><span class=\"wpcf7-list-item-label\">Viersen<\/span><\/span><span class=\"wpcf7-list-item last\"><input type=\"radio\" name=\"filiale\" value=\"Hennef\" \/><span class=\"wpcf7-list-item-label\">Hennef<\/span><\/span><\/span><\/span>\n<\/p>\n<p><strong>Sie sind:<\/strong>\n<\/p>\n<div class=\"wps-form\">\n\t<div class=\"wps-form-row\">\n\t\t<div class=\"wps-form-column\">\n\t\t\t<p><label> Firma<br \/>\n<span class=\"wpcf7-form-control-wrap\" data-name=\"your-firma\"><input size=\"40\" class=\"wpcf7-form-control wpcf7-text\" aria-invalid=\"false\" value=\"\" type=\"text\" name=\"your-firma\" \/><\/span> <\/label>\n\t\t\t<\/p>\n\t\t<\/div>\n\t\t<div class=\"wps-form-column\">\n\t\t<\/div>\n\t\t<div class=\"wps-form-column\">\n\t\t<\/div>\n\t<\/div>\n<\/div>\n<div class=\"wps-form\">\n\t<div class=\"wps-form-row\">\n\t\t<div class=\"wps-form-column\">\n\t\t\t<p><label> Nachname*<br \/>\n<span class=\"wpcf7-form-control-wrap\" data-name=\"your-nachname\"><input size=\"40\" class=\"wpcf7-form-control wpcf7-text wpcf7-validates-as-required\" aria-required=\"true\" aria-invalid=\"false\" value=\"\" type=\"text\" name=\"your-nachname\" \/><\/span> <\/label>\n\t\t\t<\/p>\n\t\t<\/div>\n\t\t<div class=\"wps-form-column\">\n\t\t\t<p><label> Vorname*<br \/>\n<span class=\"wpcf7-form-control-wrap\" data-name=\"your-vorname\"><input size=\"40\" class=\"wpcf7-form-control wpcf7-text wpcf7-validates-as-required\" aria-required=\"true\" aria-invalid=\"false\" value=\"\" type=\"text\" name=\"your-vorname\" \/><\/span> <\/label>\n\t\t\t<\/p>\n\t\t<\/div>\n\t\t<div class=\"wps-form-column\">\n\t\t<\/div>\n\t<\/div>\n<\/div>\n<div class=\"wps-form\">\n\t<div class=\"wps-form-row\">\n\t\t<div class=\"wps-form-column\">\n\t\t\t<p><label> Stra\u00dfe \/ Haus-Nr.*<br \/>\n<span class=\"wpcf7-form-control-wrap\" data-name=\"your-strase\"><input size=\"40\" class=\"wpcf7-form-control wpcf7-text wpcf7-validates-as-required\" aria-required=\"true\" aria-invalid=\"false\" value=\"\" type=\"text\" name=\"your-strase\" \/><\/span> <\/label>\n\t\t\t<\/p>\n\t\t<\/div>\n\t\t<div class=\"wps-form-column\">\n\t\t\t<p><label> PLZ \/ Ort*<br \/>\n<span class=\"wpcf7-form-control-wrap\" data-name=\"your-ort\"><input size=\"40\" class=\"wpcf7-form-control wpcf7-text wpcf7-validates-as-required\" aria-required=\"true\" aria-invalid=\"false\" value=\"\" type=\"text\" name=\"your-ort\" \/><\/span> <\/label>\n\t\t\t<\/p>\n\t\t<\/div>\n\t\t<div class=\"wps-form-column\">\n\t\t<\/div>\n\t<\/div>\n<\/div>\n<p><strong>Bitte nur ausf\u00fcllen, falls der Heiz\u00f6ltank nicht auf der o.g. Adresse steht:<\/strong>\n<\/p>\n<div class=\"wps-form\">\n\t<div class=\"wps-form-row\">\n\t\t<div class=\"wps-form-column\">\n\t\t\t<p><label> Stra\u00dfe \/ Haus-Nr.<br \/>\n<span class=\"wpcf7-form-control-wrap\" data-name=\"your-oel-strase\"><input size=\"40\" class=\"wpcf7-form-control wpcf7-text\" aria-invalid=\"false\" value=\"\" type=\"text\" name=\"your-oel-strase\" \/><\/span> <\/label>\n\t\t\t<\/p>\n\t\t<\/div>\n\t\t<div class=\"wps-form-column\">\n\t\t\t<p><label> PLZ \/ Ort<br \/>\n<span class=\"wpcf7-form-control-wrap\" data-name=\"your-oel-ort\"><input size=\"40\" class=\"wpcf7-form-control wpcf7-text\" aria-invalid=\"false\" value=\"\" type=\"text\" name=\"your-oel-ort\" \/><\/span> <\/label>\n\t\t\t<\/p>\n\t\t<\/div>\n\t\t<div class=\"wps-form-column\">\n\t\t<\/div>\n\t<\/div>\n<\/div>\n<p><strong>Sie sind erreichbar:<\/strong>\n<\/p>\n<div class=\"wps-form\">\n\t<div class=\"wps-form-row\">\n\t\t<div class=\"wps-form-column\">\n\t\t\t<p><label>Telefon<br \/>\n<span class=\"wpcf7-form-control-wrap\" data-name=\"your-tel\"><input size=\"40\" class=\"wpcf7-form-control wpcf7-text wpcf7-tel wpcf7-validates-as-tel\" aria-invalid=\"false\" value=\"\" type=\"tel\" name=\"your-tel\" \/><\/span> <\/label>\n\t\t\t<\/p>\n\t\t<\/div>\n\t\t<div class=\"wps-form-column\">\n\t\t\t<p><label>von<br \/>\n<span class=\"wpcf7-form-control-wrap\" data-name=\"von1\"><input size=\"40\" class=\"wpcf7-form-control wpcf7-text\" aria-invalid=\"false\" value=\"\" type=\"text\" name=\"von1\" \/><\/span> <\/label>\n\t\t\t<\/p>\n\t\t<\/div>\n\t\t<div class=\"wps-form-column\">\n\t\t\t<p><label>bis<br \/>\n<span class=\"wpcf7-form-control-wrap\" data-name=\"bis1\"><input size=\"40\" class=\"wpcf7-form-control wpcf7-text\" aria-invalid=\"false\" value=\"\" type=\"text\" name=\"bis1\" \/><\/span> <\/label>\n\t\t\t<\/p>\n\t\t<\/div>\n\t<\/div>\n<\/div>\n<div class=\"wps-form\">\n\t<div class=\"wps-form-row\">\n\t\t<div class=\"wps-form-column\">\n\t\t\t<p><label>Mobil<br \/>\n<span class=\"wpcf7-form-control-wrap\" data-name=\"your-cell\"><input size=\"40\" class=\"wpcf7-form-control wpcf7-text wpcf7-tel wpcf7-validates-as-tel\" aria-invalid=\"false\" value=\"\" type=\"tel\" name=\"your-cell\" \/><\/span> <\/label>\n\t\t\t<\/p>\n\t\t<\/div>\n\t\t<div class=\"wps-form-column\">\n\t\t\t<p><label>von<br \/>\n<span class=\"wpcf7-form-control-wrap\" data-name=\"von2\"><input size=\"40\" class=\"wpcf7-form-control wpcf7-text\" aria-invalid=\"false\" value=\"\" type=\"text\" name=\"von2\" \/><\/span> <\/label>\n\t\t\t<\/p>\n\t\t<\/div>\n\t\t<div class=\"wps-form-column\">\n\t\t\t<p><label>bis<br \/>\n<span class=\"wpcf7-form-control-wrap\" data-name=\"bis2\"><input size=\"40\" class=\"wpcf7-form-control wpcf7-text\" aria-invalid=\"false\" value=\"\" type=\"text\" name=\"bis2\" \/><\/span> <\/label>\n\t\t\t<\/p>\n\t\t<\/div>\n\t<\/div>\n<\/div>\n<div class=\"wps-form\">\n\t<div class=\"wps-form-row\">\n\t\t<div class=\"wps-form-column\">\n\t\t\t<p><label>Fax<br \/>\n<span class=\"wpcf7-form-control-wrap\" data-name=\"your-fax\"><input size=\"40\" class=\"wpcf7-form-control wpcf7-text wpcf7-tel wpcf7-validates-as-tel\" aria-invalid=\"false\" value=\"\" type=\"tel\" name=\"your-fax\" \/><\/span> <\/label>\n\t\t\t<\/p>\n\t\t<\/div>\n\t\t<div class=\"wps-form-column\">\n\t\t<\/div>\n\t\t<div class=\"wps-form-column\">\n\t\t<\/div>\n\t<\/div>\n<\/div>\n<div class=\"wps-form\">\n\t<div class=\"wps-form-row\">\n\t\t<div class=\"wps-form-column\">\n\t\t\t<p><label> E-Mail-Adresse*<br \/>\n<span class=\"wpcf7-form-control-wrap\" data-name=\"your-email\"><input size=\"40\" class=\"wpcf7-form-control wpcf7-text wpcf7-email wpcf7-validates-as-required wpcf7-validates-as-email\" aria-required=\"true\" aria-invalid=\"false\" value=\"\" type=\"email\" name=\"your-email\" \/><\/span> <\/label>\n\t\t\t<\/p>\n\t\t<\/div>\n\t\t<div class=\"wps-form-column\">\n\t\t<\/div>\n\t\t<div class=\"wps-form-column\">\n\t\t<\/div>\n\t<\/div>\n<\/div>\n<p><strong>Sie haben einen:*<\/strong>\n<\/p>\n<p><span class=\"wpcf7-form-control-wrap\" data-name=\"tank\"><span class=\"wpcf7-form-control wpcf7-radio\"><span class=\"wpcf7-list-item first\"><input type=\"radio\" name=\"tank\" value=\"Kellereinschwei\u00dftank (Rechtecktank)\" checked=\"checked\" \/><span class=\"wpcf7-list-item-label\">Kellereinschwei\u00dftank (Rechtecktank)<\/span><\/span><span class=\"wpcf7-list-item\"><input type=\"radio\" name=\"tank\" value=\"Batterietank - Kunststoff\" \/><span class=\"wpcf7-list-item-label\">Batterietank - Kunststoff<\/span><\/span><span class=\"wpcf7-list-item\"><input type=\"radio\" name=\"tank\" value=\"Batterietank - Stahl\" \/><span class=\"wpcf7-list-item-label\">Batterietank - Stahl<\/span><\/span><span class=\"wpcf7-list-item\"><input type=\"radio\" name=\"tank\" value=\"Erdtank - mit Innenh\u00fclle\" \/><span class=\"wpcf7-list-item-label\">Erdtank - mit Innenh\u00fclle<\/span><\/span><span class=\"wpcf7-list-item\"><input type=\"radio\" name=\"tank\" value=\"Erdtank - doppelwandig mit Leckfl\u00fcssigkeit\" \/><span class=\"wpcf7-list-item-label\">Erdtank - doppelwandig mit Leckfl\u00fcssigkeit<\/span><\/span><span class=\"wpcf7-list-item\"><input type=\"radio\" name=\"tank\" value=\"Erdtank - einwandig\" \/><span class=\"wpcf7-list-item-label\">Erdtank - einwandig<\/span><\/span><span class=\"wpcf7-list-item\"><input type=\"radio\" name=\"tank\" value=\"Erdtank - GFK\" \/><span class=\"wpcf7-list-item-label\">Erdtank - GFK<\/span><\/span><span class=\"wpcf7-list-item\"><input type=\"radio\" name=\"tank\" value=\"Zylindertank - oberirdisch\" \/><span class=\"wpcf7-list-item-label\">Zylindertank - oberirdisch<\/span><\/span><span class=\"wpcf7-list-item\"><input type=\"radio\" name=\"tank\" value=\"Zylindertank - rund (zylindrischer Tank im Keller)\" \/><span class=\"wpcf7-list-item-label\">Zylindertank - rund (zylindrischer Tank im Keller)<\/span><\/span><span class=\"wpcf7-list-item last\"><input type=\"radio\" name=\"tank\" value=\"anderes\" \/><span class=\"wpcf7-list-item-label\">anderes<\/span><\/span><\/span><\/span>\n<\/p>\n<div class=\"wps-form\">\n\t<div class=\"wps-form-row\">\n\t\t<div class=\"wps-form-column\">\n\t\t\t<p><label> Tankgr\u00f6\u00dfe*<br \/>\n<span class=\"wpcf7-form-control-wrap\" data-name=\"tank-groese\"><input size=\"40\" class=\"wpcf7-form-control wpcf7-text wpcf7-validates-as-required\" aria-required=\"true\" aria-invalid=\"false\" placeholder=\"Liter\" value=\"\" type=\"text\" name=\"tank-groese\" \/><\/span><\/label>\n\t\t\t<\/p>\n\t\t<\/div>\n\t\t<div class=\"wps-form-column\">\n\t\t\t<p><label> Baujahr<br \/>\n<span class=\"wpcf7-form-control-wrap\" data-name=\"baujahr\"><input size=\"40\" class=\"wpcf7-form-control wpcf7-text\" aria-invalid=\"false\" value=\"\" type=\"text\" name=\"baujahr\" \/><\/span><\/label>\n\t\t\t<\/p>\n\t\t<\/div>\n\t\t<div class=\"wps-form-column\">\n\t\t<\/div>\n\t<\/div>\n<\/div>\n<div class=\"wps-form\">\n\t<div class=\"wps-form-row\">\n\t\t<div class=\"wps-form-column\">\n\t\t\t<p><label> derzeitiger Inhalt<br \/>\n<span class=\"wpcf7-form-control-wrap\" data-name=\"inhalt\"><input size=\"40\" class=\"wpcf7-form-control wpcf7-text\" aria-invalid=\"false\" placeholder=\"Liter\" value=\"\" type=\"text\" name=\"inhalt\" \/><\/span><\/label>\n\t\t\t<\/p>\n\t\t<\/div>\n\t\t<div class=\"wps-form-column\">\n\t\t\t<p><label> Hersteller<br \/>\n<span class=\"wpcf7-form-control-wrap\" data-name=\"hersteller\"><input size=\"40\" class=\"wpcf7-form-control wpcf7-text\" aria-invalid=\"false\" value=\"\" type=\"text\" name=\"hersteller\" \/><\/span><\/label>\n\t\t\t<\/p>\n\t\t<\/div>\n\t\t<div class=\"wps-form-column\">\n\t\t<\/div>\n\t<\/div>\n<\/div>\n<p><label>Mein Tank liegt im Wasserschutzgebiet: (bitte bei Stilllegung ankreuzen)<\/label><br \/>\n<span class=\"wpcf7-form-control-wrap\" data-name=\"schutz\"><span class=\"wpcf7-form-control wpcf7-radio\"><span class=\"wpcf7-list-item first\"><input type=\"radio\" name=\"schutz\" value=\"Ja\" checked=\"checked\" \/><span class=\"wpcf7-list-item-label\">Ja<\/span><\/span><span class=\"wpcf7-list-item last\"><input type=\"radio\" name=\"schutz\" value=\"Nein\" \/><span class=\"wpcf7-list-item-label\">Nein<\/span><\/span><\/span><\/span>\n<\/p>\n<p><label>Sie w\u00fcnschen:<\/label><br \/>\n<span class=\"wpcf7-form-control-wrap\" data-name=\"wunsch\"><span class=\"wpcf7-form-control wpcf7-radio\"><span class=\"wpcf7-list-item first\"><input type=\"radio\" name=\"wunsch\" value=\"Angebot\" checked=\"checked\" \/><span class=\"wpcf7-list-item-label\">Angebot<\/span><\/span><span class=\"wpcf7-list-item last\"><input type=\"radio\" name=\"wunsch\" value=\"Informationsmaterial\" \/><span class=\"wpcf7-list-item-label\">Informationsmaterial<\/span><\/span><\/span><\/span>\n<\/p>\n<p><label>\u00fcber:<\/label><br \/>\n<span class=\"wpcf7-form-control-wrap\" data-name=\"ueber\"><span class=\"wpcf7-form-control wpcf7-checkbox\"><span class=\"wpcf7-list-item first\"><input type=\"checkbox\" name=\"ueber[]\" value=\"Ortsbesichtigung, zwecks unverbindlicher Angebotserstellung\" \/><span class=\"wpcf7-list-item-label\">Ortsbesichtigung, zwecks unverbindlicher Angebotserstellung<\/span><\/span><span class=\"wpcf7-list-item\"><input type=\"checkbox\" name=\"ueber[]\" value=\"Tankreinigung und Kontrolle\" \/><span class=\"wpcf7-list-item-label\">Tankreinigung und Kontrolle<\/span><\/span><span class=\"wpcf7-list-item\"><input type=\"checkbox\" name=\"ueber[]\" value=\"Tankraumsanierung durch 3-fachen Anstrich\" \/><span class=\"wpcf7-list-item-label\">Tankraumsanierung durch 3-fachen Anstrich<\/span><\/span><span class=\"wpcf7-list-item\"><input type=\"checkbox\" name=\"ueber[]\" value=\"Tankraumsanierung durch zugelassene Tankraumfolie\" \/><span class=\"wpcf7-list-item-label\">Tankraumsanierung durch zugelassene Tankraumfolie<\/span><\/span><span class=\"wpcf7-list-item\"><input type=\"checkbox\" name=\"ueber[]\" value=\"Tankraumsanierung durch eine zugelassene Kunststoffinnenh\u00fclle mit Leckanzeigeger\u00e4t\" \/><span class=\"wpcf7-list-item-label\">Tankraumsanierung durch eine zugelassene Kunststoffinnenh\u00fclle mit Leckanzeigeger\u00e4t<\/span><\/span><span class=\"wpcf7-list-item\"><input type=\"checkbox\" name=\"ueber[]\" value=\"Tankdemontage\" \/><span class=\"wpcf7-list-item-label\">Tankdemontage<\/span><\/span><span class=\"wpcf7-list-item last\"><input type=\"checkbox\" name=\"ueber[]\" value=\"Tankverf\u00fcllung\" \/><span class=\"wpcf7-list-item-label\">Tankverf\u00fcllung<\/span><\/span><\/span><\/span>\n<\/p>\n<p><label>Bemerkungen<br \/>\n<span class=\"wpcf7-form-control-wrap\" data-name=\"bemerkung\"><textarea cols=\"40\" rows=\"10\" class=\"wpcf7-form-control wpcf7-textarea\" aria-invalid=\"false\" name=\"bemerkung\"><\/textarea><\/span><\/label>\n<\/p>\n<p>Mit dem Abschicken des Kontaktformulars best\u00e4tige ich, die <a href=\"https:\/\/www.schmitz-tankschutz.de\/index.php\/datenschutz\/\" target=\"blank\" rel=\"noopener\">Datenschutzerkl\u00e4rung<\/a> zur Kenntnis genommen zu haben und erkl\u00e4re mich damit einverstanden, dass die von mir angegebenen Daten elektronisch erhoben und gespeichert werden. Meine Daten werden dabei nur streng zweckgebunden zur Bearbeitung und Beantwortung meiner Anfrage verwendet.\n<\/p>\n<p><input class=\"wpcf7-form-control has-spinner wpcf7-submit\" type=\"submit\" value=\"Senden\" \/>\n<\/p>\n<p><i>Die mit * gekennzeichneten Felder sind Pflichtangaben.<\/i>\n<\/p><div class=\"wpcf7-response-output\" aria-hidden=\"true\"><\/div>\n<\/form>\n<\/div>\n\n<p>&nbsp;<\/p>\n<hr \/>\n<p>&nbsp;<\/p>\n<p>Bei R\u00fcckfragen rund um Ihre Tankanlagen k\u00f6nnen Sie uns gerne jeder Zeit anrufen!<\/p>\n<p>[ezcol_1half]<br \/>\n<strong style=\"color: #c00067;\">Schmitz GmbH<\/strong><br \/>\nKrefelder Str. 180<br \/>\n41748 Viersen<br \/>\nTel.: 0 21 62 \/ 8 15 70 &#8211; 0<br \/>\nE-Mail: <a href=\"mailto:info@schmitz-tankschutz.de\">info@schmitz-tankschutz.de<\/a><br \/>\n[\/ezcol_1half]<\/p>\n<p>[ezcol_1half_end]<br \/>\n<strong style=\"color: #c00067;\">Schmitz GmbH<\/strong><br \/>\nG\u00e4nsehof 24<br \/>\n53773 Hennef<br \/>\nTel.: 0 22 48 \/ 9 09 77 90<br \/>\nFax: 02248 \/ 9097799<br \/>\nE-Mail: <a href=\"mailto:info-koeln@schmitz-tankschutz.de\">info-koeln@schmitz-tankschutz.de<\/a><br \/>\n[\/ezcol_1half_end]<\/p>\n","protected":false},"excerpt":{"rendered":"<p>Bitte f\u00fcllen Sie das Formular soweit wie m\u00f6glich ausf\u00fcllen aus schicken es ab. Die mit * gekennzeichneten Felder sind Pflichtfelder. &nbsp; &nbsp; Bei R\u00fcckfragen rund um Ihre Tankanlagen k\u00f6nnen Sie uns gerne jeder Zeit anrufen! [ezcol_1half] Schmitz GmbH Krefelder Str. 180 41748 Viersen Tel.: 0 21 62 \/ 8 15 70 &#8211; 0 E-Mail: info@schmitz-tankschutz.de [&hellip;]<\/p>\n","protected":false},"author":1,"featured_media":0,"parent":0,"menu_order":0,"comment_status":"closed","ping_status":"closed","template":"","meta":[],"_links":{"self":[{"href":"https:\/\/www.schmitz-tankschutz.de\/index.php\/wp-json\/wp\/v2\/pages\/53"}],"collection":[{"href":"https:\/\/www.schmitz-tankschutz.de\/index.php\/wp-json\/wp\/v2\/pages"}],"about":[{"href":"https:\/\/www.schmitz-tankschutz.de\/index.php\/wp-json\/wp\/v2\/types\/page"}],"author":[{"embeddable":true,"href":"https:\/\/www.schmitz-tankschutz.de\/index.php\/wp-json\/wp\/v2\/users\/1"}],"replies":[{"embeddable":true,"href":"https:\/\/www.schmitz-tankschutz.de\/index.php\/wp-json\/wp\/v2\/comments?post=53"}],"version-history":[{"count":16,"href":"https:\/\/www.schmitz-tankschutz.de\/index.php\/wp-json\/wp\/v2\/pages\/53\/revisions"}],"predecessor-version":[{"id":2256,"href":"https:\/\/www.schmitz-tankschutz.de\/index.php\/wp-json\/wp\/v2\/pages\/53\/revisions\/2256"}],"wp:attachment":[{"href":"https:\/\/www.schmitz-tankschutz.de\/index.php\/wp-json\/wp\/v2\/media?parent=53"}],"curies":[{"name":"wp","href":"https:\/\/api.w.org\/{rel}","templated":true}]}}