{"id":43,"date":"2017-05-22T12:24:00","date_gmt":"2017-05-22T10:24:00","guid":{"rendered":"http:\/\/www.schmitz-tankschutz.de\/wordpress\/?page_id=43"},"modified":"2018-09-14T15:35:19","modified_gmt":"2018-09-14T13:35:19","slug":"fluessigkeitsdichter-sicherheitsboden","status":"publish","type":"page","link":"https:\/\/www.schmitz-tankschutz.de\/index.php\/fluessigkeitsdichter-sicherheitsboden\/","title":{"rendered":"Fl\u00fcssigkeitsdichter Sicherheitsboden"},"content":{"rendered":"<p style=\"text-align:right;\"><img decoding=\"async\" loading=\"lazy\" class=\"alignnone size-full wp-image-1609\" src=\"https:\/\/www.schmitz-tankschutz.de\/wp-content\/uploads\/2018\/06\/icon-print.png\" alt=\"print-button\" width=\"27,8\" height=\"29,6\" \/> <a href=\"https:\/\/www.schmitz-tankschutz.de\/wp-content\/uploads\/2018\/06\/Leistungsspektrum_Fluessigkeitsdichter.pdf\" target=\"blank\" rel=\"noopener\" style=\"text-decoration:underline;color:#c00067;\">Seite drucken<\/a><\/p>\n<p>Aus dieser Erfahrung heraus empfehlen wir, speziell in der chemischen Industrie, den Einbau von fl\u00fcssigkeitsdichten Sicherheitsb\u00f6den nach \u00a7 19 l des Wasserhaushaltsgesetzes.<\/p>\n<p>\u00dcberall dort, wo por\u00f6ser Beton, besch\u00e4digte Beschichtungen, alter Plattenbelag, Setzungen in Boden oder Geb\u00e4uden und nicht \u00fcberwachte Auffangwannen vorhanden sind, m\u00fcssen auslaufende, gef\u00e4hrliche Fl\u00fcssigkeiten zur\u00fcckgehalten werden, um Verunreinigungen des Erdreichs und des Grundwassers zu vermeiden.<\/p>\n<p>Eindeutige Vorschriften erfordern den Einsatz von ein- bzw. doppelwandigen, vakuum\u00fcberwachten Stahlauffangwannen f\u00fcr Reinigungs-, Pump- und Maschinenstationen sowie Fertigungsst\u00e4tten mit gro\u00dfem \u00d6l- und Schadstoffauswurf der Gefahrenklasse AI-AIII und B.<\/p>\n<p>Die Sicherheitsb\u00f6den werden vor Ort angefertigt und auf einer Unterkonstruktion aus Blechstreifen am Boden verd\u00fcbelt und sind daher an kein Ma\u00df gebunden. Die Aufkantung kann in verschiedenen H\u00f6hen erstellt und somit das R\u00fcckhaltevolumen variiert werden.<\/p>\n<p>Stahlwannen in Fertigungsst\u00e4tten k\u00f6nnen selbstverst\u00e4ndlich mit L\u00f6schwasserr\u00fcckhalteanlagen, aus Aluminiummehrkammerprofil mit manuellen, steckbaren oder motorisch r\u00fcckstellbaren Barrieren ausger\u00fcstet werden.<\/p>\n<p>Durch rechtzeitiges handeln k\u00f6nnen oftmals erhebliche Sanierungskosten gemindert werden.<\/p>\n<p>Zu unserem Service geh\u00f6rt die ausf\u00fchrliche Beratung vor Ort sowie eine detaillierte Planung und exakte Ausf\u00fchrung.<\/p>\n","protected":false},"excerpt":{"rendered":"<p>Seite drucken Aus dieser Erfahrung heraus empfehlen wir, speziell in der chemischen Industrie, den Einbau von fl\u00fcssigkeitsdichten Sicherheitsb\u00f6den nach \u00a7 19 l des Wasserhaushaltsgesetzes. \u00dcberall dort, wo por\u00f6ser Beton, besch\u00e4digte Beschichtungen, alter Plattenbelag, Setzungen in Boden oder Geb\u00e4uden und nicht \u00fcberwachte Auffangwannen vorhanden sind, m\u00fcssen auslaufende, gef\u00e4hrliche Fl\u00fcssigkeiten zur\u00fcckgehalten werden, um Verunreinigungen des Erdreichs und [&hellip;]<\/p>\n","protected":false},"author":1,"featured_media":0,"parent":0,"menu_order":0,"comment_status":"closed","ping_status":"closed","template":"","meta":[],"_links":{"self":[{"href":"https:\/\/www.schmitz-tankschutz.de\/index.php\/wp-json\/wp\/v2\/pages\/43"}],"collection":[{"href":"https:\/\/www.schmitz-tankschutz.de\/index.php\/wp-json\/wp\/v2\/pages"}],"about":[{"href":"https:\/\/www.schmitz-tankschutz.de\/index.php\/wp-json\/wp\/v2\/types\/page"}],"author":[{"embeddable":true,"href":"https:\/\/www.schmitz-tankschutz.de\/index.php\/wp-json\/wp\/v2\/users\/1"}],"replies":[{"embeddable":true,"href":"https:\/\/www.schmitz-tankschutz.de\/index.php\/wp-json\/wp\/v2\/comments?post=43"}],"version-history":[{"count":7,"href":"https:\/\/www.schmitz-tankschutz.de\/index.php\/wp-json\/wp\/v2\/pages\/43\/revisions"}],"predecessor-version":[{"id":2126,"href":"https:\/\/www.schmitz-tankschutz.de\/index.php\/wp-json\/wp\/v2\/pages\/43\/revisions\/2126"}],"wp:attachment":[{"href":"https:\/\/www.schmitz-tankschutz.de\/index.php\/wp-json\/wp\/v2\/media?parent=43"}],"curies":[{"name":"wp","href":"https:\/\/api.w.org\/{rel}","templated":true}]}}