{"id":35,"date":"2017-05-22T12:19:01","date_gmt":"2017-05-22T10:19:01","guid":{"rendered":"http:\/\/www.schmitz-tankschutz.de\/wordpress\/?page_id=35"},"modified":"2018-09-14T15:35:52","modified_gmt":"2018-09-14T13:35:52","slug":"anlagen-und-rohrleitungsbau","status":"publish","type":"page","link":"https:\/\/www.schmitz-tankschutz.de\/index.php\/anlagen-und-rohrleitungsbau\/","title":{"rendered":"Anlagen- und Rohrleitungsbau"},"content":{"rendered":"<p style=\"text-align:right;\"><img decoding=\"async\" loading=\"lazy\" class=\"alignnone size-full wp-image-1609\" src=\"https:\/\/www.schmitz-tankschutz.de\/wp-content\/uploads\/2018\/06\/icon-print.png\" alt=\"print-button\" width=\"27,8\" height=\"29,6\" \/> <a href=\"https:\/\/www.schmitz-tankschutz.de\/wp-content\/uploads\/2018\/06\/Leistungsspektrum_Anlagenbau.pdf\" target=\"blank\" rel=\"noopener\" style=\"text-decoration:underline;color:#c00067;\">Seite drucken<\/a><\/p>\n<p><strong>Wof\u00fcr Anlagen- und Rohrleitungsbau?<\/strong><\/p>\n<p>\u2013 Planung und Erstellung kompletter Anlagen einschlie\u00dflich s\u00e4mtlicher Schutzeinrichtungen, Pumpen und Ventilen<br \/>\n\u2013 Lieferung und Montage von Rohrleitungen ober-\/und unterirdisch, f\u00fcr alle Gefahrstoffe bis zu einem Durchmesser von DN 300<br \/>\n\u2013 Verlegung von bauartzugelassenen doppelwandigen Rohrleitungen einschlie\u00dflich Leckanzeiger<\/p>\n<p><strong>Beispiele f\u00fcr Anlagen- und Rohrleitungsbau<\/strong><\/p>\n<p>Beispiel f\u00fcr den Anlagen- und Rohrleitungsbau anhand eines Gro\u00dfauftrages der Goodrich GmbH in Neuss in Zusammenarbeit mit dem Ingenieurb\u00fcro H\u00fcneburg u. Partner aus M\u00f6nchengladbach.<\/p>\n<p>F\u00fcr die Neumontage von Tanks muss zun\u00e4chst ein Tankraum hergerichtet werden.<\/p>\n<p>Anschlie\u00dfend werden die leeren Tanks eingelassen und aufgestellt.<\/p>\n<p>Die komplette Verrohrung mit Armaturen, Ventilen, Detonationssicherungen, F\u00fcll- und Entl\u00fcftungsleitungen sowie Entnahmeleitungen werden geliefert und montiert.<\/p>\n<p>Um die entsprechenden Mengen von Fl\u00fcssigkeiten entnehmen und weiterbef\u00f6rdern zu k\u00f6nnen, m\u00fcssen Pumpen einschlie\u00dflich Magnetventilen, Temperaturmessern und Durchflussmengenz\u00e4hlern eingebaut werden.<\/p>\n<p>Zum Bef\u00fcllen dieser Tankanlage muss ein Abf\u00fcllplatz erstellt werden.<br \/>\nZu diesem Abf\u00fcllplatz geh\u00f6rt eine Abscheideanlage, eine fl\u00fcssigkeitsdichte Betonplatte sowie ein F\u00fcllschrank zur Aufnahme der entsprechenden F\u00fcllleitungen und Grenzwertgeber.<\/p>\n","protected":false},"excerpt":{"rendered":"<p>Seite drucken Wof\u00fcr Anlagen- und Rohrleitungsbau? \u2013 Planung und Erstellung kompletter Anlagen einschlie\u00dflich s\u00e4mtlicher Schutzeinrichtungen, Pumpen und Ventilen \u2013 Lieferung und Montage von Rohrleitungen ober-\/und unterirdisch, f\u00fcr alle Gefahrstoffe bis zu einem Durchmesser von DN 300 \u2013 Verlegung von bauartzugelassenen doppelwandigen Rohrleitungen einschlie\u00dflich Leckanzeiger Beispiele f\u00fcr Anlagen- und Rohrleitungsbau Beispiel f\u00fcr den Anlagen- und Rohrleitungsbau [&hellip;]<\/p>\n","protected":false},"author":1,"featured_media":0,"parent":0,"menu_order":0,"comment_status":"closed","ping_status":"closed","template":"","meta":[],"_links":{"self":[{"href":"https:\/\/www.schmitz-tankschutz.de\/index.php\/wp-json\/wp\/v2\/pages\/35"}],"collection":[{"href":"https:\/\/www.schmitz-tankschutz.de\/index.php\/wp-json\/wp\/v2\/pages"}],"about":[{"href":"https:\/\/www.schmitz-tankschutz.de\/index.php\/wp-json\/wp\/v2\/types\/page"}],"author":[{"embeddable":true,"href":"https:\/\/www.schmitz-tankschutz.de\/index.php\/wp-json\/wp\/v2\/users\/1"}],"replies":[{"embeddable":true,"href":"https:\/\/www.schmitz-tankschutz.de\/index.php\/wp-json\/wp\/v2\/comments?post=35"}],"version-history":[{"count":8,"href":"https:\/\/www.schmitz-tankschutz.de\/index.php\/wp-json\/wp\/v2\/pages\/35\/revisions"}],"predecessor-version":[{"id":2127,"href":"https:\/\/www.schmitz-tankschutz.de\/index.php\/wp-json\/wp\/v2\/pages\/35\/revisions\/2127"}],"wp:attachment":[{"href":"https:\/\/www.schmitz-tankschutz.de\/index.php\/wp-json\/wp\/v2\/media?parent=35"}],"curies":[{"name":"wp","href":"https:\/\/api.w.org\/{rel}","templated":true}]}}