{"id":33,"date":"2017-05-22T12:18:39","date_gmt":"2017-05-22T10:18:39","guid":{"rendered":"http:\/\/www.schmitz-tankschutz.de\/wordpress\/?page_id=33"},"modified":"2018-09-14T15:36:22","modified_gmt":"2018-09-14T13:36:22","slug":"industriereinigung","status":"publish","type":"page","link":"https:\/\/www.schmitz-tankschutz.de\/index.php\/industriereinigung\/","title":{"rendered":"Industriereinigung"},"content":{"rendered":"<p style=\"text-align:right;\"><img decoding=\"async\" loading=\"lazy\" class=\"alignnone size-full wp-image-1609\" src=\"https:\/\/www.schmitz-tankschutz.de\/wp-content\/uploads\/2018\/06\/icon-print.png\" alt=\"print-button\" width=\"27,8\" height=\"29,6\" \/> <a href=\"https:\/\/www.schmitz-tankschutz.de\/wp-content\/uploads\/2018\/06\/Leistungsspektrum_Industriereinigung.pdf\" target=\"blank\" rel=\"noopener\" style=\"text-decoration:underline;color:#c00067;\">Seite drucken<\/a><\/p>\n<p><strong>Leistungen<\/strong><br \/>\nTankanlagen gr\u00f6\u00dferer Industriebetriebe m\u00fcssen in regelm\u00e4\u00dfigen Abst\u00e4nden gereinigt und gewartet werden.<\/p>\n<p><strong>Um diese Arbeiten durchzuf\u00fchren geh\u00f6ren zu unserem Leistungsspektrum folgende T\u00e4tigkeiten:<\/strong><br \/>\n\u2013 Reinigung und Umbau von Gro\u00dftankanlagen<br \/>\n\u2013 Reinigung von Rohrleitungen\/Systemen<br \/>\n\u2013 Reinigung von Kan\u00e4len und Abscheidesystemen<br \/>\n\u2013 Demontage und Entsorgung von technischen Anlagen<br \/>\n\u2013 Sp\u00fclen und Molchen von Rohrleitungen<br \/>\n\u2013 Entgasen und Blindsetzen von Rohrsystemen<br \/>\n\u2013 Erforderliche Zulassungen finden Sie unter Zertifizierung!<\/p>\n","protected":false},"excerpt":{"rendered":"<p>Seite drucken Leistungen Tankanlagen gr\u00f6\u00dferer Industriebetriebe m\u00fcssen in regelm\u00e4\u00dfigen Abst\u00e4nden gereinigt und gewartet werden. Um diese Arbeiten durchzuf\u00fchren geh\u00f6ren zu unserem Leistungsspektrum folgende T\u00e4tigkeiten: \u2013 Reinigung und Umbau von Gro\u00dftankanlagen \u2013 Reinigung von Rohrleitungen\/Systemen \u2013 Reinigung von Kan\u00e4len und Abscheidesystemen \u2013 Demontage und Entsorgung von technischen Anlagen \u2013 Sp\u00fclen und Molchen von Rohrleitungen \u2013 Entgasen [&hellip;]<\/p>\n","protected":false},"author":1,"featured_media":0,"parent":0,"menu_order":0,"comment_status":"closed","ping_status":"closed","template":"","meta":[],"_links":{"self":[{"href":"https:\/\/www.schmitz-tankschutz.de\/index.php\/wp-json\/wp\/v2\/pages\/33"}],"collection":[{"href":"https:\/\/www.schmitz-tankschutz.de\/index.php\/wp-json\/wp\/v2\/pages"}],"about":[{"href":"https:\/\/www.schmitz-tankschutz.de\/index.php\/wp-json\/wp\/v2\/types\/page"}],"author":[{"embeddable":true,"href":"https:\/\/www.schmitz-tankschutz.de\/index.php\/wp-json\/wp\/v2\/users\/1"}],"replies":[{"embeddable":true,"href":"https:\/\/www.schmitz-tankschutz.de\/index.php\/wp-json\/wp\/v2\/comments?post=33"}],"version-history":[{"count":7,"href":"https:\/\/www.schmitz-tankschutz.de\/index.php\/wp-json\/wp\/v2\/pages\/33\/revisions"}],"predecessor-version":[{"id":2128,"href":"https:\/\/www.schmitz-tankschutz.de\/index.php\/wp-json\/wp\/v2\/pages\/33\/revisions\/2128"}],"wp:attachment":[{"href":"https:\/\/www.schmitz-tankschutz.de\/index.php\/wp-json\/wp\/v2\/media?parent=33"}],"curies":[{"name":"wp","href":"https:\/\/api.w.org\/{rel}","templated":true}]}}