{"id":31,"date":"2017-05-22T12:18:24","date_gmt":"2017-05-22T10:18:24","guid":{"rendered":"http:\/\/www.schmitz-tankschutz.de\/wordpress\/?page_id=31"},"modified":"2018-09-14T15:28:46","modified_gmt":"2018-09-14T13:28:46","slug":"tankstilllegung","status":"publish","type":"page","link":"https:\/\/www.schmitz-tankschutz.de\/index.php\/tankstilllegung\/","title":{"rendered":"Tankstilllegung"},"content":{"rendered":"<p style=\"text-align:right;\"><img decoding=\"async\" loading=\"lazy\" class=\"alignnone size-full wp-image-1609\" src=\"https:\/\/www.schmitz-tankschutz.de\/wp-content\/uploads\/2018\/06\/icon-print.png\" alt=\"print-button\" width=\"27,8\" height=\"29,6\" \/> <a href=\"https:\/\/www.schmitz-tankschutz.de\/wp-content\/uploads\/2018\/06\/Leistungsspektrum_Tankstilllegung.pdf\" target=\"blank\" rel=\"noopener\" style=\"text-decoration:underline;color:#c00067;\">Seite drucken<\/a><\/p>\n<p>Werden Tanks stillgelegt, m\u00fcssen diese gereinigt und entgast werden.<\/p>\n<p>Befindet sich im Tank eine Kunststoffinnenh\u00fclle, so muss diese vor der Demontage oder Verf\u00fcllung ausgebaut und ordnungsgem\u00e4\u00df entsorgt werden.<\/p>\n<p>Befindet sich im zu verf\u00fcllenden Tank Leckfl\u00fcssigkeit, so muss der Tank im Bereich der Tanksohle ge\u00f6ffnet werden um diese ordnungsgem\u00e4\u00df<br \/>\nentsorgen zu k\u00f6nnen.<\/p>\n<p><strong>Pr\u00fcfpflicht von Heiz\u00f6lbeh\u00e4ltern:<\/strong><br \/>\nVor der Stilllegung von allen unterirdischen Tankanlagen (z. B. Erdtanks) sowie allen oberirdischen Tankanlagen (z. B. Kellereinschwei\u00dftanks) mit einem Fassungsverm\u00f6gen von mehr als 10.000 Liter Inhalt, (\u00dcberschwemmungs-\/oder Schutzgebiet \u00fcber 1.000 Liter) m\u00fcssen diese durch zugelassenen Sachverst\u00e4ndigen gepr\u00fcft und eine Werksbescheinigung der ordnungsgem\u00e4\u00dfen Entleerung und<br \/>\nReinigung des Beh\u00e4lters bauseits an die zust\u00e4ndige Beh\u00f6rde geschickt werden.<\/p>\n<p>Vorbereitungsarbeiten und Assistenz des Sachverst\u00e4ndigen, Ausstellen einer Werksbescheinigung erfolgt durch uns.<\/p>\n<p>Erst nach evtl. erforderlichen Sachverst\u00e4ndigen-Abnahme k\u00f6nnen die Tanks dann demontiert, entsorgt oder mit Sand verf\u00fcllt werden.<\/p>\n<p><strong>Demontage von Kellereinschwei\u00dftanks<\/strong><br \/>\nDie Demontage der Tankanlage setzt voraus, dass die Zufahrten und Zug\u00e4nge frei sind.<\/p>\n<p>Mindest\u00f6ffnungen von 0,80 m x 1,80 m f\u00fcr Tank- und Nebenr\u00e4ume m\u00fcssen vorhanden sein, um einen Abtransport des Altmaterials zu gew\u00e4hr-<br \/>\nleisten (keine Verg\u00fctung des Altmaterials).<\/p>\n<p>Eventuell notwendige bauliche Ver\u00e4nderungen (z. B. Abbruch von Mauerwerk, Stemmarbeiten f\u00fcr Montage und Demontagearbeiten) sind bauseits durchzuf\u00fchren oder werden nach Absprache separat und nach Aufwand zu unseren Stundens\u00e4tzen berechnet.<\/p>\n<p>F\u00fcr Sch\u00e4den, die durch Schwei\u00df- und Schneidearbeiten sowie Ru\u00df- und Rauchentwicklung entstehen, \u00fcbernehmen wir keine Haftung.<\/p>\n<p><strong>Tankverf\u00fcllung von Erdtanks<\/strong><br \/>\nErdtanks, welche aufgrund von Energieumstellungen nicht mehr ben\u00f6tigt werden, m\u00fcssen nach bauaufsichtlichen Richtlinien verf\u00fcllt werden, sofern sie im befahrbaren Bereich liegen.<\/p>\n<p><strong>Arbeitsweise:<\/strong><br \/>\nDer bereits gereinigte Tank wird mit feinem Sand oder mit Quarzkies verf\u00fcllt. Die Tankarmaturen werden demontiert.<\/p>\n","protected":false},"excerpt":{"rendered":"<p>Seite drucken Werden Tanks stillgelegt, m\u00fcssen diese gereinigt und entgast werden. Befindet sich im Tank eine Kunststoffinnenh\u00fclle, so muss diese vor der Demontage oder Verf\u00fcllung ausgebaut und ordnungsgem\u00e4\u00df entsorgt werden. Befindet sich im zu verf\u00fcllenden Tank Leckfl\u00fcssigkeit, so muss der Tank im Bereich der Tanksohle ge\u00f6ffnet werden um diese ordnungsgem\u00e4\u00df entsorgen zu k\u00f6nnen. Pr\u00fcfpflicht von [&hellip;]<\/p>\n","protected":false},"author":1,"featured_media":0,"parent":0,"menu_order":0,"comment_status":"closed","ping_status":"closed","template":"","meta":[],"_links":{"self":[{"href":"https:\/\/www.schmitz-tankschutz.de\/index.php\/wp-json\/wp\/v2\/pages\/31"}],"collection":[{"href":"https:\/\/www.schmitz-tankschutz.de\/index.php\/wp-json\/wp\/v2\/pages"}],"about":[{"href":"https:\/\/www.schmitz-tankschutz.de\/index.php\/wp-json\/wp\/v2\/types\/page"}],"author":[{"embeddable":true,"href":"https:\/\/www.schmitz-tankschutz.de\/index.php\/wp-json\/wp\/v2\/users\/1"}],"replies":[{"embeddable":true,"href":"https:\/\/www.schmitz-tankschutz.de\/index.php\/wp-json\/wp\/v2\/comments?post=31"}],"version-history":[{"count":13,"href":"https:\/\/www.schmitz-tankschutz.de\/index.php\/wp-json\/wp\/v2\/pages\/31\/revisions"}],"predecessor-version":[{"id":2120,"href":"https:\/\/www.schmitz-tankschutz.de\/index.php\/wp-json\/wp\/v2\/pages\/31\/revisions\/2120"}],"wp:attachment":[{"href":"https:\/\/www.schmitz-tankschutz.de\/index.php\/wp-json\/wp\/v2\/media?parent=31"}],"curies":[{"name":"wp","href":"https:\/\/api.w.org\/{rel}","templated":true}]}}