{"id":29,"date":"2017-05-22T12:18:13","date_gmt":"2017-05-22T10:18:13","guid":{"rendered":"http:\/\/www.schmitz-tankschutz.de\/wordpress\/?page_id=29"},"modified":"2018-09-14T15:28:01","modified_gmt":"2018-09-14T13:28:01","slug":"tanksanierung","status":"publish","type":"page","link":"https:\/\/www.schmitz-tankschutz.de\/index.php\/tanksanierung\/","title":{"rendered":"Tanksanierung"},"content":{"rendered":"<p style=\"text-align:right;\"><img decoding=\"async\" loading=\"lazy\" class=\"alignnone size-full wp-image-1609\" src=\"https:\/\/www.schmitz-tankschutz.de\/wp-content\/uploads\/2018\/06\/icon-print.png\" alt=\"print-button\" width=\"27,8\" height=\"29,6\" \/> <a href=\"https:\/\/www.schmitz-tankschutz.de\/wp-content\/uploads\/2018\/06\/Leistungsspektrum_Tanksarnierung.pdf\" target=\"blank\" rel=\"noopener\" style=\"text-decoration:underline;color:#c00067;\">Seite drucken<\/a><\/p>\n<p><strong style=\"color:#c00067\">Kunststoffinnenbeschichtung<\/strong><br \/>\neinschl. vorherigem Granulatstrahlen von kellergeschwei\u00dften Tanks und von zylindrisch doppelwandigen Stahl-Heiz\u00f6lbeh\u00e4ltern. (Gefahrenklasse A III)<\/p>\n<p>Sollten bei der Reinigung und Revision eines kellergeschwei\u00dften Heiz\u00f6lbeh\u00e4lters oder eines zylindrisch doppelwandigen Stahl-Heiz\u00f6lbeh\u00e4lters<br \/>\nKorrosionssch\u00e4den festgestellt werden, so bietet eine Kunststoffinnenbeschichtung einen perfekten Korrosionsschutz.<\/p>\n<p><strong>Arbeitsweise:<\/strong><br \/>\nDer bereits gereinigte kellergeschwei\u00dfte Tank wird an den Wand- und Bodenfl\u00e4chen des Tankinnenraumes gestrahlt nach DIN 55928 SA 3.<br \/>\nDer doppelwandige Stahlheiz\u00f6lbeh\u00e4lter wird im gesamten Innenraum gestrahlt nach DIN 55928 SA 3. Ein Zweikomponenten-Kunststoff auf Epoxyd-Harz-Basis wird auf den gestrahlten Metallfl\u00e4chen ausgerollt.<\/p>\n<p><strong>Anmerkung:<\/strong><br \/>\nBeim kellergeschwei\u00dften Tank werden die Wandfl\u00e4chen bis zur Decke beschichtet, die Tankdecke wird nicht bearbeitet. Der zylindrisch doppelwandige Stahl-Heiz\u00f6lbeh\u00e4lter wird im gesamten Innenraum beschichtet.<\/p>\n<p>Heiz\u00f6l &#8211; Restmengen sollten fr\u00fchestens nach 24 Stunden zur\u00fcckgef\u00fcllt werden, da der Kunststoff aush\u00e4rten muss.<\/p>\n<p>Bei Durchf\u00fchrung der Beschichtungsarbeiten wird eine kostenlose Notversorgung (Provisorium) aufgestellt, wenn dies erforderlich ist.<\/p>\n<p><strong>Garantie:<\/strong><br \/>\nSie erhalten eine \u201eGarantie von 10 Jahren\u201c auf die Innenbeschichtung unter der Voraussetzung, dass eine kostenpflichtige Tankreinigung<br \/>\ndurch unser Haus nach 5 Jahren durchgef\u00fchrt wird.<\/p>\n<hr>\n<p><strong style=\"color:#c00067\">Tankraumfolie<\/strong><\/p>\n<p>Der optimale Zustand des Tankraumes spielt bei der Sicherheit Ihrer Tankanlage eine wichtige Rolle. Auch wenn sich Ihre Tankanlage in einem einwandfreien Zustand befindet, kann es zu einem \u00d6lschaden kommen, z. B. bei einer versehentlichen \u00dcberf\u00fcllung des Tanks (z. B. bei Grenzwertgeber alter Bauart oder verstopfter Entl\u00fcftungsleitung usw.) kommen.<\/p>\n<p>Deshalb wird durch uns der Tankraum und der Grenzwertgeber alle 5-Jahre bei der Reinigung \u00fcberpr\u00fcft, um zu sehen ob sich Risse im Mauerwerk, abbl\u00e4tternden Verputz oder Risse im \u00f6lbest\u00e4ndigen Anstrich befinden.<\/p>\n<p>Bei Besch\u00e4digungen des Auffangraumes ist die zugelassene Tankraumfolie ein dauerhaftes Schutzsystem. Mit ihr k\u00f6nnen bestehende Tankanlagen schnell und problemlos saniert werden. Dabei spielen beengte Platzverh\u00e4ltnisse, bauliche Sonderanforderungen oder andere erschwerende Vorbedingungen keine Rolle.<\/p>\n<p><strong>Einbau:<\/strong><br \/>\n&#8211; Das Heiz\u00f6l wird ausgepumpt, zwischengelagert und nach Einbau der Folie zur\u00fcckgepumpt<br \/>\n&#8211; Der Tank wird mit Hilfe eines pneumatischen Hebekissens angehoben<br \/>\n&#8211; Das Zwischenvlies und die Tankraumfolie werden unterrollt<br \/>\n&#8211; Danach wird der Tank auf der anderen Seite angehoben und die Folie weitergerollt<br \/>\n&#8211; Die einzelnen Streifen der Folie werden fl\u00fcssigkeitsdicht verschwei\u00dft und die Wandabschl\u00fcsse an den W\u00e4nden mit Aluminiumschienen befestigt<br \/>\n&#8211; Am Tankraumboden wird zus\u00e4tzlich eine Schutzmatte angebracht<br \/>\n&#8211; Die Schwei\u00dfn\u00e4hte werden auf Dichtheit \u00fcberpr\u00fcft<br \/>\n&#8211; Fl\u00fcssigkeitswarnger\u00e4te k\u00f6nnen eingebaut werden (Sonderzubeh\u00f6r)<\/p>\n<p>Sofern \u00fcber die Heizungsanlage eine Warmwasserversorgung l\u00e4uft bzw. bei Arbeiten in der Heizperiode, wird f\u00fcr den Zeitpunkt der Sanierung eine<br \/>\nkostenlose Notversorgung (Provisorium) installiert, wenn dies erforderlich ist.<\/p>\n<p><strong>Garantie:<\/strong><br \/>\nDer Hersteller leistet 20 Jahre Garantie.<br \/>\nMehr Informationen erhalten Sie unter <a href=\"https:\/\/www.maichenplast.de\/\" target=\"blank\" rel=\"noopener\">www.maichenplast.de<\/a><\/p>\n<hr>\n<p><strong style=\"color:#c00067\">Kunststoffinnenh\u00fcllen<\/strong><\/p>\n<p>mit Vakuum-Leckanzeiger f\u00fcr zylindrisch ein- und doppelwandige Stahl-Heiz\u00f6lbeh\u00e4lter sowie f\u00fcr GFK-Tanks, zylindrisch- und Kugeltanks und Rechtecktanks im Keller ohne Auffangwanne.<\/p>\n<p>F\u00fcr einwandige Stahl-Heiz\u00f6lbeh\u00e4lter besteht im Land Nordrhein-Westfalen seit 1968 das Gesetz, eine kontrollierbare Doppelwandigkeit an diesen Tanks zu erstellen. Der Einbau einer Kunststoffinnenh\u00fclle und Leckanzeiger entspricht diesem Gesetz. Ferner bietet die Innenh\u00fclle einen totalen Korrosionsschutz, da das Heiz\u00f6l mit dem Stahl nicht mehr in Ber\u00fchrung kommt.<\/p>\n<p>Ferner entf\u00e4llt bei kellergeschwei\u00dften Heiz\u00f6ltanks die Notwendigkeit einer \u00f6lfesten Auffangwanne.<\/p>\n<p>F\u00fcr doppelwandige Stahl-Heiz\u00f6lbeh\u00e4lter dient die Innenh\u00fclle dem Korrosionsschutz und dem Werterhalt der Tankanlage.<\/p>\n<p>GFK-Tanks, zylindrische und Kugeltanks sind gem\u00e4\u00df Bauartzulassung ohne Leckanzeigeger\u00e4t eingelagert worden, jedoch m\u00fcssen diese Tanks mit einer<br \/>\n5-j\u00e4hrigen Sachverst\u00e4ndigen-Kontrolle, z. B. T\u00dcV (Wasserschutzgebiet alle 2 \u00bd Jahre) wieder vorgef\u00fchrt werden. Die hierbei entstehenden Kosten f\u00fcr<br \/>\nTankreinigung, Begehung und Druckprobe sind erheblich.<\/p>\n<p>Der Einbau einer Kunststoffinnenh\u00fclle mit Leckanzeiger reduziert die vorgenannten Kosten.<\/p>\n<p>Bei dem Einbau der Innenh\u00fclle wird eine kostenlose Notversorgung (Provisorium) installiert, wenn dies erforderlich ist.<\/p>\n<p><strong>Garantie:<\/strong><br \/>\nder Hersteller leistet f\u00fcr die von ihm gefertigte Innenh\u00fclle dergestalt Garantie, dass die Innenh\u00fclle 10 Jahre ab Einbau best\u00e4ndig ist gegen den Einfluss von Heiz\u00f6l EL nach DIN 51603 bzw. Dieselkraftstoff nach DIN 51601. Die Garantie gilt f\u00fcr M\u00e4ngel, die w\u00e4hrend der Garantiezeit auftreten und auf Materialfehler der Folie oder auf Verarbeitungsfehler bei der Herstellung der Innenh\u00fclle zur\u00fcck zuf\u00fchren sind. Die Feststellung eines Mangels muss uns unverz\u00fcglich mitgeteilt werden. M\u00e4ngel, die auf Material- oder Verarbeitungsfehler zur\u00fcckzuf\u00fchren sind, werden von uns auf Kosten des Herstellers und nach Wahl durch Neulieferung oder durch eine fachgerechte Reparatur behoben. Weitergehende Anspr\u00fcche sind ausgeschlossen.<\/p>\n<p>Die Garantie erlischt, wenn die Innenh\u00fclle durch andere chemische Mittel als durch Einfluss von Heiz\u00f6l EL bzw. Dieselkraftstoff oder durch andere mechanische Einfl\u00fcsse besch\u00e4digt wird oder wenn der Tank durch Personen ge\u00f6ffnet oder begangen wird, die nicht durch die Hersteller- oder Einbaufirma beauftragt wurden.<\/p>\n<p>Mehr Informationen erhalten Sie unter <a href=\"https:\/\/www.oechssler.de\/\" target=\"blank\" rel=\"noopener\">www.oechssler.de<\/a><\/p>\n<hr>\n<p><strong style=\"color:#c00067\">Domschachtsanierung<\/strong><\/p>\n<p>Domsch\u00e4chte von unterirdischen Lagerbeh\u00e4ltern zur Lagerung von Heiz\u00f6l, Diesel- und Otto-Kraftstoffen m\u00fcssen fl\u00fcssigkeitsundurchl\u00e4ssig und lager-<br \/>\ngutbest\u00e4ndig sein.<\/p>\n<p>Beh\u00f6rden fordern fl\u00fcssigkeitsdichte Domsch\u00e4chte, damit eventuelle Verunreinigungen bei der Bef\u00fcllung nicht ins Erdreich eindringen k\u00f6nnen. Die<br \/>\nSanierung von bestehenden Domsch\u00e4chten, die nicht mehr fl\u00fcssigkeitsdicht sind, konnte bisher nur mit hohem Kosten- und Zeitaufwand durch-<br \/>\ngef\u00fchrt werden. Dazu kommt noch, dass die bislang g\u00e4ngigste Methode nur eine kurzzeitige L\u00f6sung darstellt, die immer wieder erneuert werden<br \/>\nmuss.<\/p>\n<p>Gerade bei \u00e4lteren Erdtanks tritt h\u00e4ufig ein Problem eines undichten Domschachtes auf. Die Abdeckungen sind durchgerostet oder nicht mehr<br \/>\nwasserdicht.<\/p>\n<p><strong>Sanierungsm\u00f6glichkeiten<\/strong><br \/>\n&#8211; Schachtabdeckungen aus Stahl, verzinkt<br \/>\n&#8211; tagwasserdichte, wasserdichte, begehbare oder befahrbare Ausf\u00fchrung<br \/>\n&#8211; Tropfmengenauffangbeh\u00e4lter<\/p>\n<p>Nutzen Sie unseren kostenlosen Au\u00dfendienstmitarbeiter f\u00fcr eine Beratung vor Ort!<\/p>\n<p>Gemeinsam wird festgestellt, welcher Sanierungsschacht usw. f\u00fcr Sie am vorteilhaftesten w\u00e4re.<\/p>\n<hr>\n<p><strong style=\"color:#c00067\">Tankraumsanierung<\/strong><\/p>\n<p>F\u00fcr Heiz\u00f6lbeh\u00e4lter in Geb\u00e4uden ist ab einem Volumen von 450 Litern und f\u00fcr Tanks im Freien ab 1.000 Litern ein fl\u00fcssigkeitsdichter Auffangraum vorgeschrieben, um im Falle einer Anlagenleckage auslaufendes Heiz\u00f6l aufzufangen. Ein Auffangraum ist nicht erforderlich, wenn der Beh\u00e4lter doppelwandig ausgef\u00fchrt oder eine Kunststoffinnenh\u00fclle eingebaut ist und mittels zugelassenem Leckanzeigeger\u00e4t \u00fcberwacht wird.<\/p>\n<p><strong>Arbeitsweise:<\/strong><br \/>\n&#8211; Die Leitungen des Tanks l\u00f6sen<br \/>\n&#8211; Tankanlage mit Winden hochheben und aufbocken<br \/>\n&#8211; \u00d6lauffangwanne im Tankraum s\u00e4ubern, beiputzen und beispachteln<br \/>\n&#8211; Anschlie\u00dfend dreifach mit einer zugelassenen \u00f6lfesten Farbe streichen (Hinweis: Die Farbe muss jeweils ca. 2 \u2013 4 Tage trocknen!)<br \/>\n&#8211; Tankanlage wie vor ablassen, Leitungen anschlie\u00dfen<br \/>\n&#8211; Evtl. Provisorium abklemmen und Anlage in Betrieb nehmen<\/p>\n<p>Sofern \u00fcber die Heizungsanlage eine Warmwasserversorgung l\u00e4uft bzw. bei Arbeiten in der Heizperiode, wird f\u00fcr den Zeitpunkt der Tankraumsanierung<br \/>\neine kostenlose Notversorgung (Provisorium) installiert, wenn dies erforderlich ist.<\/p>\n<p><strong>Garantie:<\/strong><br \/>\nEs wird keine Garantie gew\u00e4hrt.<\/p>\n","protected":false},"excerpt":{"rendered":"<p>Seite drucken Kunststoffinnenbeschichtung einschl. vorherigem Granulatstrahlen von kellergeschwei\u00dften Tanks und von zylindrisch doppelwandigen Stahl-Heiz\u00f6lbeh\u00e4ltern. (Gefahrenklasse A III) Sollten bei der Reinigung und Revision eines kellergeschwei\u00dften Heiz\u00f6lbeh\u00e4lters oder eines zylindrisch doppelwandigen Stahl-Heiz\u00f6lbeh\u00e4lters Korrosionssch\u00e4den festgestellt werden, so bietet eine Kunststoffinnenbeschichtung einen perfekten Korrosionsschutz. Arbeitsweise: Der bereits gereinigte kellergeschwei\u00dfte Tank wird an den Wand- und Bodenfl\u00e4chen des Tankinnenraumes [&hellip;]<\/p>\n","protected":false},"author":1,"featured_media":0,"parent":0,"menu_order":0,"comment_status":"closed","ping_status":"closed","template":"","meta":[],"_links":{"self":[{"href":"https:\/\/www.schmitz-tankschutz.de\/index.php\/wp-json\/wp\/v2\/pages\/29"}],"collection":[{"href":"https:\/\/www.schmitz-tankschutz.de\/index.php\/wp-json\/wp\/v2\/pages"}],"about":[{"href":"https:\/\/www.schmitz-tankschutz.de\/index.php\/wp-json\/wp\/v2\/types\/page"}],"author":[{"embeddable":true,"href":"https:\/\/www.schmitz-tankschutz.de\/index.php\/wp-json\/wp\/v2\/users\/1"}],"replies":[{"embeddable":true,"href":"https:\/\/www.schmitz-tankschutz.de\/index.php\/wp-json\/wp\/v2\/comments?post=29"}],"version-history":[{"count":20,"href":"https:\/\/www.schmitz-tankschutz.de\/index.php\/wp-json\/wp\/v2\/pages\/29\/revisions"}],"predecessor-version":[{"id":2119,"href":"https:\/\/www.schmitz-tankschutz.de\/index.php\/wp-json\/wp\/v2\/pages\/29\/revisions\/2119"}],"wp:attachment":[{"href":"https:\/\/www.schmitz-tankschutz.de\/index.php\/wp-json\/wp\/v2\/media?parent=29"}],"curies":[{"name":"wp","href":"https:\/\/api.w.org\/{rel}","templated":true}]}}