{"id":25,"date":"2017-05-22T12:17:50","date_gmt":"2017-05-22T10:17:50","guid":{"rendered":"http:\/\/www.schmitz-tankschutz.de\/wordpress\/?page_id=25"},"modified":"2018-09-14T15:24:21","modified_gmt":"2018-09-14T13:24:21","slug":"tankreinigung-schutz","status":"publish","type":"page","link":"https:\/\/www.schmitz-tankschutz.de\/index.php\/tankreinigung-schutz\/","title":{"rendered":"Tankreinigung\/-schutz"},"content":{"rendered":"<p style=\"text-align:right;\"><img decoding=\"async\" loading=\"lazy\" class=\"alignnone size-full wp-image-1609\" src=\"https:\/\/www.schmitz-tankschutz.de\/wp-content\/uploads\/2018\/06\/icon-print.png\" alt=\"print-button\" width=\"27,8\" height=\"29,6\" \/> <a href=\"https:\/\/www.schmitz-tankschutz.de\/wp-content\/uploads\/2018\/06\/Leistungsspektrum_Tankreinigung.pdf\" target=\"blank\" rel=\"noopener\" style=\"text-decoration:underline;color:#c00067;\">Seite drucken<\/a><\/p>\n<p><strong>Warum \u00fcberhaupt Tankreinigung?<\/strong><br \/>\nDie im Heiz\u00f6l enthaltenen Sedimente lagern sich im Laufe der Jahre am Boden Ihres Heiz\u00f6ltanks ab. Ablagerungen f\u00fchren zu Korrosion und Lecks im Tank und stellen damit eine gro\u00dfe Gefahr f\u00fcr das Grund- und Trinkwasser dar. M\u00f6gliche Anzeichen k\u00f6nnen Brennerst\u00f6rungen oder ein schwarzer Heiz\u00f6lfilter sein.<\/p>\n<p><strong>Die Konsequenzen<\/strong><br \/>\nBesitzer von \u00d6lheizungen haften f\u00fcr alle Sch\u00e4den, die durch auslaufendes \u00d6l entstehen.<\/p>\n<p>Deshalb: Lassen Sie es nicht soweit kommen!<\/p>\n<p>Heiz\u00f6ltanks sollten in regelm\u00e4\u00dfigen Abst\u00e4nden von ca. f\u00fcnf Jahren von zugelassenen Fachleuten \u00fcberpr\u00fcft und gereinigt werden. Wir stellen Ihnen diesen Service gerne zur Verf\u00fcgung!<\/p>\n<p><strong>Und das k\u00f6nnen Sie von uns erwarten<\/strong><br \/>\nUnsere Fachleute f\u00fchren f\u00fcr Sie die vorgeschriebenen \u00dcberpr\u00fcfungen gewissenhaft und sorgf\u00e4ltig durch.Es entsteht weder eine Verschmutzung Ihres \u00d6llagerraums noch Ihres Heizungsraums. Dies k\u00f6nnen wir durch Einsatz unseres geschulten Fachpersonals und der Spezialfahrzeuge garantieren. Sollte es erforderlich sein, k\u00f6nnen Sie w\u00e4hrend der Wartung durch Anschluss einer Notversorgung weiter heizen.<\/p>\n<p><strong>W\u00e4hlen Sie die Sicherheit<\/strong><br \/>\nGehen Sie kein Risiko ein und nutzen Sie unseren unproblematischen und kosteng\u00fcnstigen Service.<\/p>\n<p>Wenn Sie noch Fragen haben: Rufen Sie uns an Tel.: 0 21 62 \/ 8 15 70 &#8211; 0<br \/>\noder schreiben Sie uns eine E-Mail <a href=\"mailto:info@schmitz-tankschutz.de\">info@schmitz-tankschutz.de<\/a>.<\/p>\n<p>Wir beraten Sie gern.<\/p>\n<p><strong>Reinigung\/Revision<\/strong><br \/>\nWir reinigen Tanks f\u00fcr Heiz\u00f6l EL, Diesel- und Vergaserkraftstoff A1 bis A3:<\/p>\n<p>\u2013 Kellergeschwei\u00dfte Rechtecktanks DIN 6625<br \/>\n\u2013 zylindrisch liegende Beh\u00e4lter aus Stahl ein- oder doppelwandig<br \/>\n\u2013 GFK-Beh\u00e4lter<br \/>\n\u2013 Erdtanks<\/p>\n<p>&nbsp;<\/p>\n<h3>Tankreinigungen dienen dem Werterhalt der Tankanlage sowie einem einwandfreien Betriebsablauf:<\/h3>\n<p>[ezcol_1half]- Beginn der Reinigung. Das vorhandene Heiz\u00f6l wird aus dem Heiz\u00f6ltank in das Saugfahrzeug gepumpt.[\/ezcol_1half][ezcol_1half_end]<img decoding=\"async\" loading=\"lazy\" class=\"alignnone size-full wp-image-1536\" src=\"https:\/\/www.schmitz-tankschutz.de\/wp-content\/uploads\/2018\/06\/tankschutz1.jpg\" alt=\"Tankreinigung: Schritt 1\" width=\"597\" height=\"296\" \/>[\/ezcol_1half_end]<\/p>\n<p>[ezcol_1half]- \u00d6lr\u00fcckst\u00e4nde, Schlamm und Schmutz werden restlos abgesaugt.[\/ezcol_1half][ezcol_1half_end]<img decoding=\"async\" loading=\"lazy\" class=\"alignnone size-full wp-image-1539\" src=\"https:\/\/www.schmitz-tankschutz.de\/wp-content\/uploads\/2018\/06\/tankschutz2.jpg\" alt=\"Tankreinigung: Schritt 2\" width=\"597\" height=\"296\" \/>[\/ezcol_1half_end]<\/p>\n<p>[ezcol_1half]- Unser Spezialist steigt in den Tank und \u00fcberpr\u00fcft ihn auf Sauberkeit und Sicherheit.[\/ezcol_1half][ezcol_1half_end]<img decoding=\"async\" loading=\"lazy\" class=\"alignnone size-full wp-image-1540\" src=\"https:\/\/www.schmitz-tankschutz.de\/wp-content\/uploads\/2018\/06\/tankschutz3.jpg\" alt=\"Tankreinigung: Schritt 3\" width=\"597\" height=\"293\" \/>[\/ezcol_1half_end]<\/p>\n<p>[ezcol_1half]- Bei Korrosions- oder anderen Sch\u00e4den sagen wir Ihnen, wie sie behoben werden k\u00f6nnen. Oft gen\u00fcgt eine Kunststoffauskleidung oder eine Spezial-Beschichtung.[\/ezcol_1half][ezcol_1half_end]<img decoding=\"async\" loading=\"lazy\" class=\"alignnone size-full wp-image-1538\" src=\"https:\/\/www.schmitz-tankschutz.de\/wp-content\/uploads\/2018\/06\/tankschutz4.jpg\" alt=\"Tankreinigung: Schritt 4\" width=\"597\" height=\"296\" \/>[\/ezcol_1half_end]<\/p>\n<p>[ezcol_1half]- Nach Abschluss der Arbeiten wird das vorher abgesaugte Heiz\u00f6l zur\u00fcckgepumpt.[\/ezcol_1half][ezcol_1half_end]<img decoding=\"async\" loading=\"lazy\" class=\"alignnone size-full wp-image-1541\" src=\"https:\/\/www.schmitz-tankschutz.de\/wp-content\/uploads\/2018\/06\/tankschutz5.jpg\" alt=\"Tankreinigung: Schritt 5\" width=\"597\" height=\"193\" \/>[\/ezcol_1half_end]<\/p>\n<p>[ezcol_1half]- Funktionspr\u00fcfung des gesetzlich vorgeschrieben Grenzwertgebers mittels GWG-Pr\u00fcfger\u00e4t.[\/ezcol_1half][ezcol_1half_end]<img decoding=\"async\" loading=\"lazy\" class=\"alignnone size-full wp-image-1542\" src=\"https:\/\/www.schmitz-tankschutz.de\/wp-content\/uploads\/2018\/06\/tankschutz6.jpg\" alt=\"Tankreinigung: Schritt 6\" width=\"597\" height=\"236\" \/>[\/ezcol_1half_end]<\/p>\n<p>Bei der Revision festgestellte Korrosionen werden exakt ermittelt, deren Beseitigung bieten wir in Form von Innenbeschichtungen sowie Einbau von Kunststoffinnenh\u00fcllen sowie Aufschwei\u00dfungen von Blechen an.<\/p>\n<p>Ein 5-j\u00e4hriger Tankreinigungszeitraum ist empfehlenswert, da Schl\u00e4mme und aggressive Medien den Stahl angreifen.<\/p>\n","protected":false},"excerpt":{"rendered":"<p>Seite drucken Warum \u00fcberhaupt Tankreinigung? Die im Heiz\u00f6l enthaltenen Sedimente lagern sich im Laufe der Jahre am Boden Ihres Heiz\u00f6ltanks ab. Ablagerungen f\u00fchren zu Korrosion und Lecks im Tank und stellen damit eine gro\u00dfe Gefahr f\u00fcr das Grund- und Trinkwasser dar. M\u00f6gliche Anzeichen k\u00f6nnen Brennerst\u00f6rungen oder ein schwarzer Heiz\u00f6lfilter sein. Die Konsequenzen Besitzer von \u00d6lheizungen [&hellip;]<\/p>\n","protected":false},"author":1,"featured_media":0,"parent":0,"menu_order":0,"comment_status":"closed","ping_status":"closed","template":"","meta":[],"_links":{"self":[{"href":"https:\/\/www.schmitz-tankschutz.de\/index.php\/wp-json\/wp\/v2\/pages\/25"}],"collection":[{"href":"https:\/\/www.schmitz-tankschutz.de\/index.php\/wp-json\/wp\/v2\/pages"}],"about":[{"href":"https:\/\/www.schmitz-tankschutz.de\/index.php\/wp-json\/wp\/v2\/types\/page"}],"author":[{"embeddable":true,"href":"https:\/\/www.schmitz-tankschutz.de\/index.php\/wp-json\/wp\/v2\/users\/1"}],"replies":[{"embeddable":true,"href":"https:\/\/www.schmitz-tankschutz.de\/index.php\/wp-json\/wp\/v2\/comments?post=25"}],"version-history":[{"count":23,"href":"https:\/\/www.schmitz-tankschutz.de\/index.php\/wp-json\/wp\/v2\/pages\/25\/revisions"}],"predecessor-version":[{"id":2116,"href":"https:\/\/www.schmitz-tankschutz.de\/index.php\/wp-json\/wp\/v2\/pages\/25\/revisions\/2116"}],"wp:attachment":[{"href":"https:\/\/www.schmitz-tankschutz.de\/index.php\/wp-json\/wp\/v2\/media?parent=25"}],"curies":[{"name":"wp","href":"https:\/\/api.w.org\/{rel}","templated":true}]}}