{"id":19,"date":"2017-05-22T12:16:55","date_gmt":"2017-05-22T10:16:55","guid":{"rendered":"http:\/\/www.schmitz-tankschutz.de\/wordpress\/?page_id=19"},"modified":"2018-09-14T15:21:21","modified_gmt":"2018-09-14T13:21:21","slug":"profil","status":"publish","type":"page","link":"https:\/\/www.schmitz-tankschutz.de\/index.php\/profil\/","title":{"rendered":"Profil"},"content":{"rendered":"<p>Vielschichtige Erfahrungen, modernste Technologie, engagierte und qualifizierte Mitarbeiter versetzen unser Haus in der Lage, allen Anforderungen, die unsere Kunden und Auftraggeber an uns stellen, gerecht zu werden.<\/p>\n<p>Referenzen aus den verschiedensten Bereichen von Industrie, \u00f6ffentlicher Hand und Privatwirtschaft belegen dieses.<\/p>\n<p>Unser Unternehmen besch\u00e4ftigt ca. 35 Mitarbeiter und bildet aus.<\/p>\n<p>Um unser Einzugsgebiet zu vergr\u00f6\u00dfern und wirtschaftlich besser nutzen zu k\u00f6nnen er\u00f6ffneten wir im Jahre 1996 im Gro\u00dfraum K\u00f6ln eine Zweigniederlassung.<\/p>\n<p>Wir sind ein Schwei\u00dffachbetrieb und haben Zulassungen, sowie Gebrauchsmuster, auch f\u00fcr Edelst\u00e4hle. Unsere Schwei\u00dfer besitzen ebenfalls g\u00fcltige Schwei\u00dferzeugnisse.<\/p>\n<p>Unsere <a href=\"https:\/\/www.schmitz-tankschutz.de\/wp-content\/uploads\/2018\/06\/AGB.pdf\" target=\"blank\"><strong style=\"color: #c00067;\">AGBs<\/strong><\/a> (PDF-Dokument)<\/p>\n","protected":false},"excerpt":{"rendered":"<p>Vielschichtige Erfahrungen, modernste Technologie, engagierte und qualifizierte Mitarbeiter versetzen unser Haus in der Lage, allen Anforderungen, die unsere Kunden und Auftraggeber an uns stellen, gerecht zu werden. Referenzen aus den verschiedensten Bereichen von Industrie, \u00f6ffentlicher Hand und Privatwirtschaft belegen dieses. Unser Unternehmen besch\u00e4ftigt ca. 35 Mitarbeiter und bildet aus. Um unser Einzugsgebiet zu vergr\u00f6\u00dfern und [&hellip;]<\/p>\n","protected":false},"author":1,"featured_media":0,"parent":0,"menu_order":0,"comment_status":"closed","ping_status":"closed","template":"","meta":[],"_links":{"self":[{"href":"https:\/\/www.schmitz-tankschutz.de\/index.php\/wp-json\/wp\/v2\/pages\/19"}],"collection":[{"href":"https:\/\/www.schmitz-tankschutz.de\/index.php\/wp-json\/wp\/v2\/pages"}],"about":[{"href":"https:\/\/www.schmitz-tankschutz.de\/index.php\/wp-json\/wp\/v2\/types\/page"}],"author":[{"embeddable":true,"href":"https:\/\/www.schmitz-tankschutz.de\/index.php\/wp-json\/wp\/v2\/users\/1"}],"replies":[{"embeddable":true,"href":"https:\/\/www.schmitz-tankschutz.de\/index.php\/wp-json\/wp\/v2\/comments?post=19"}],"version-history":[{"count":10,"href":"https:\/\/www.schmitz-tankschutz.de\/index.php\/wp-json\/wp\/v2\/pages\/19\/revisions"}],"predecessor-version":[{"id":2115,"href":"https:\/\/www.schmitz-tankschutz.de\/index.php\/wp-json\/wp\/v2\/pages\/19\/revisions\/2115"}],"wp:attachment":[{"href":"https:\/\/www.schmitz-tankschutz.de\/index.php\/wp-json\/wp\/v2\/media?parent=19"}],"curies":[{"name":"wp","href":"https:\/\/api.w.org\/{rel}","templated":true}]}}