{"id":17,"date":"2017-05-22T12:16:45","date_gmt":"2017-05-22T10:16:45","guid":{"rendered":"http:\/\/www.schmitz-tankschutz.de\/wordpress\/?page_id=17"},"modified":"2021-01-04T08:08:29","modified_gmt":"2021-01-04T07:08:29","slug":"historie","status":"publish","type":"page","link":"https:\/\/www.schmitz-tankschutz.de\/","title":{"rendered":"Historie"},"content":{"rendered":"<p><strong>\u00a0<\/strong><strong>Historie<br \/>\n<\/strong><\/p>\n<p><img decoding=\"async\" class=\"size-full wp-image-1220 alignright\" style=\"margin-bottom: 30px;\" src=\"https:\/\/www.schmitz-tankschutz.de\/wp-content\/uploads\/2018\/06\/schmitz-viersen.jpg\" alt=\"Schmitz Viersen\" width=\"600\" \/><\/p>\n<p>Die Firma Schmitz wurde im Jahre 1888 als klassischer Schmiedebetrieb gegr\u00fcndet.<br \/>\nAus diesen Anf\u00e4ngen heraus entwickelte sich ein Unternehmen, welches sich einen hervorragenden Namen im Stahlbau schuf.<br \/>\nDie stetige technische und wirtschaftliche Entwicklung hat es mit sich gebracht, dass unser Unternehmen in den 50er und 60er-Jahren, bedingt durch die immer gr\u00f6\u00dfere Bedeutung des Heiz\u00f6ls als Energietr\u00e4ger, zus\u00e4tzlich der Tankbau in unser Fertigungsprogramm aufgenommen wurde.<br \/>\nDie von unserem Hause in \u201eSchalenbauweise\u201c hergestellten Tankanlagen sind richtungsweisend f\u00fcr den Tankbau.<\/p>\n<p>Das von uns entwickelte System tr\u00e4gt sich selbst, ben\u00f6tigt keine Wandversteifungen, L\u00e4ngs-, Queranker oder Winkel und zeichnet sich dennoch durch eine enorme Festigkeit aus.<\/p>\n<p>Bis heute hat unser Unternehmen mehr als 20.000 Tankanlagen gebaut und installiert.<\/p>\n<p>Bedingt durch den Tankbau, wandte sich unser Haus im Jahre 1962 auch dem Bereich Tankschutz zu.<\/p>\n<p>In den folgenden Jahren wurde der Sektor Tankschutz zum wichtigsten Bereich unseres Hauses.<\/p>\n<p>Als zus\u00e4tzliche Abteilungen wurden in den letzten Jahren der Rohrleitungs- und auch der Anlagenbau immer weiter ausgebaut. Die Kundschaft erstreckt sich hier von der Lebensmittel- \u00fcber die chemische bis hin zur Flugzeugindustrie. Verarbeitet werden s\u00e4mtliche Materialien ob Stahl, Edelstahl, Kunststoff oder Kupfer.<\/p>\n<p>Vielschichtige Erfahrungen, moderne Technologie, engagierte und qualifizierte Mitarbeiter versetzen unser Haus in die Lage, allen Anforderungen, die Kunden und Auftraggeber an uns stellen, gerecht zu werden.<\/p>\n<p>Referenzen aus den verschiedensten Bereichen von Industrie, \u00f6ffentlicher Hand und Privatwirtschaft belegen dieses.<\/p>\n","protected":false},"excerpt":{"rendered":"<p>\u00a0Historie Die Firma Schmitz wurde im Jahre 1888 als klassischer Schmiedebetrieb gegr\u00fcndet. Aus diesen Anf\u00e4ngen heraus entwickelte sich ein Unternehmen, welches sich einen hervorragenden Namen im Stahlbau schuf. Die stetige technische und wirtschaftliche Entwicklung hat es mit sich gebracht, dass unser Unternehmen in den 50er und 60er-Jahren, bedingt durch die immer gr\u00f6\u00dfere Bedeutung des Heiz\u00f6ls [&hellip;]<\/p>\n","protected":false},"author":1,"featured_media":0,"parent":0,"menu_order":0,"comment_status":"closed","ping_status":"closed","template":"","meta":[],"_links":{"self":[{"href":"https:\/\/www.schmitz-tankschutz.de\/index.php\/wp-json\/wp\/v2\/pages\/17"}],"collection":[{"href":"https:\/\/www.schmitz-tankschutz.de\/index.php\/wp-json\/wp\/v2\/pages"}],"about":[{"href":"https:\/\/www.schmitz-tankschutz.de\/index.php\/wp-json\/wp\/v2\/types\/page"}],"author":[{"embeddable":true,"href":"https:\/\/www.schmitz-tankschutz.de\/index.php\/wp-json\/wp\/v2\/users\/1"}],"replies":[{"embeddable":true,"href":"https:\/\/www.schmitz-tankschutz.de\/index.php\/wp-json\/wp\/v2\/comments?post=17"}],"version-history":[{"count":34,"href":"https:\/\/www.schmitz-tankschutz.de\/index.php\/wp-json\/wp\/v2\/pages\/17\/revisions"}],"predecessor-version":[{"id":2239,"href":"https:\/\/www.schmitz-tankschutz.de\/index.php\/wp-json\/wp\/v2\/pages\/17\/revisions\/2239"}],"wp:attachment":[{"href":"https:\/\/www.schmitz-tankschutz.de\/index.php\/wp-json\/wp\/v2\/media?parent=17"}],"curies":[{"name":"wp","href":"https:\/\/api.w.org\/{rel}","templated":true}]}}